{"id":433,"date":"2024-12-03T16:51:15","date_gmt":"2024-12-03T15:51:15","guid":{"rendered":"https:\/\/www.fcl-portastampi.it\/?page_id=433"},"modified":"2024-12-26T11:02:26","modified_gmt":"2024-12-26T10:02:26","slug":"uber-uns","status":"publish","type":"page","link":"https:\/\/www.fcl-portastampi.it\/index.php\/de\/uber-uns\/","title":{"rendered":"\u00dcber uns"},"content":{"rendered":"\t\t<div data-elementor-type=\"wp-page\" data-elementor-id=\"433\" class=\"elementor elementor-433\">\n\t\t\t\t<div class=\"elementor-element elementor-element-5383fca e-flex e-con-boxed e-con e-parent\" data-id=\"5383fca\" data-element_type=\"container\">\n\t\t\t\t\t<div class=\"e-con-inner\">\n\t\t\t\t<div class=\"elementor-element elementor-element-0f5e9a0 elementor-widget elementor-widget-heading\" data-id=\"0f5e9a0\" data-element_type=\"widget\" data-widget_type=\"heading.default\">\n\t\t\t\t<div class=\"elementor-widget-container\">\n\t\t\t\t\t<h2 class=\"elementor-heading-title elementor-size-default\">\u00dcBER UNS<\/h2>\t\t\t\t<\/div>\n\t\t\t\t<\/div>\n\t\t\t\t<div class=\"elementor-element elementor-element-064b49e elementor-widget elementor-widget-text-editor\" data-id=\"064b49e\" data-element_type=\"widget\" data-widget_type=\"text-editor.default\">\n\t\t\t\t<div class=\"elementor-widget-container\">\n\t\t\t\t\t\t\t\t\t<p class=\"wp-block-heading\">F.C.L. ist ein Familienunternehmen mit Sitz in Cislago, Italien, und verf\u00fcgt \u00fcber mehr als vier Jahrzehnte Erfahrung in der Herstellung von Formhaltern f\u00fcr Kunststoffe, Stanz- und Gussformen.<\/p>\t\t\t\t\t\t\t\t<\/div>\n\t\t\t\t<\/div>\n\t\t\t\t<div class=\"elementor-element elementor-element-ba60029 elementor-widget elementor-widget-text-editor\" data-id=\"ba60029\" data-element_type=\"widget\" data-widget_type=\"text-editor.default\">\n\t\t\t\t<div class=\"elementor-widget-container\">\n\t\t\t\t\t\t\t\t\t<p class=\"wp-block-heading\">Wir haben uns auf den Bau von speziellen Formhaltern spezialisiert, die entsprechend den verschiedenen Kundenanforderungen entworfen werden.<br \/>Unsere St\u00e4rke liegt nicht nur im Einsatz modernster Technik, sondern vor allem in der Besch\u00e4ftigung von Facharbeitern mit hohem Know-how.<\/p><p class=\"wp-block-heading\">F.C.L.-Formenhalter werden aus normalisiertem Stahl 1.1730 und verg\u00fctetem Stahl 1.2311 oder auf Anfrage aus Sonderst\u00e4hlen hergestellt. Alle Bauteiloberfl\u00e4chen sind geschliffen und zueinander rechtwinklig. Alle Bohr-, Aufbohr-, Gewindebohr- und Ausdreharbeiten werden auf einem numerisch gesteuerten Bearbeitungszentrum durchgef\u00fchrt, so dass eine vollst\u00e4ndige Austauschbarkeit gew\u00e4hrleistet ist.<\/p>\t\t\t\t\t\t\t\t<\/div>\n\t\t\t\t<\/div>\n\t\t<div class=\"elementor-element elementor-element-e5e8b3b e-con-full e-flex e-con e-child\" data-id=\"e5e8b3b\" data-element_type=\"container\" data-settings=\"{&quot;background_background&quot;:&quot;classic&quot;}\">\n\t\t\t\t<\/div>\n\t\t\t\t\t<\/div>\n\t\t\t\t<\/div>\n\t\t\t\t<\/div>\n\t\t","protected":false},"excerpt":{"rendered":"<p>\u00dcBER UNS F.C.L. ist ein Familienunternehmen mit Sitz in Cislago, Italien, und verf\u00fcgt \u00fcber mehr als vier Jahrzehnte Erfahrung in der Herstellung von Formhaltern f\u00fcr Kunststoffe, Stanz- und Gussformen. Wir haben uns auf den Bau von speziellen Formhaltern spezialisiert, die entsprechend den verschiedenen Kundenanforderungen entworfen werden.Unsere St\u00e4rke liegt nicht nur im Einsatz modernster Technik, sondern [&hellip;]<\/p>\n","protected":false},"author":1,"featured_media":0,"parent":0,"menu_order":0,"comment_status":"closed","ping_status":"closed","template":"","meta":{"ocean_post_layout":"full-screen","ocean_both_sidebars_style":"","ocean_both_sidebars_content_width":0,"ocean_both_sidebars_sidebars_width":0,"ocean_sidebar":"","ocean_second_sidebar":"","ocean_disable_margins":"enable","ocean_add_body_class":"","ocean_shortcode_before_top_bar":"","ocean_shortcode_after_top_bar":"","ocean_shortcode_before_header":"","ocean_shortcode_after_header":"","ocean_has_shortcode":"","ocean_shortcode_after_title":"","ocean_shortcode_before_footer_widgets":"","ocean_shortcode_after_footer_widgets":"","ocean_shortcode_before_footer_bottom":"","ocean_shortcode_after_footer_bottom":"","ocean_display_top_bar":"default","ocean_display_header":"default","ocean_header_style":"","ocean_center_header_left_menu":"","ocean_custom_header_template":"","ocean_custom_logo":0,"ocean_custom_retina_logo":0,"ocean_custom_logo_max_width":0,"ocean_custom_logo_tablet_max_width":0,"ocean_custom_logo_mobile_max_width":0,"ocean_custom_logo_max_height":0,"ocean_custom_logo_tablet_max_height":0,"ocean_custom_logo_mobile_max_height":0,"ocean_header_custom_menu":"","ocean_menu_typo_font_family":"","ocean_menu_typo_font_subset":"","ocean_menu_typo_font_size":0,"ocean_menu_typo_font_size_tablet":0,"ocean_menu_typo_font_size_mobile":0,"ocean_menu_typo_font_size_unit":"px","ocean_menu_typo_font_weight":"","ocean_menu_typo_font_weight_tablet":"","ocean_menu_typo_font_weight_mobile":"","ocean_menu_typo_transform":"","ocean_menu_typo_transform_tablet":"","ocean_menu_typo_transform_mobile":"","ocean_menu_typo_line_height":0,"ocean_menu_typo_line_height_tablet":0,"ocean_menu_typo_line_height_mobile":0,"ocean_menu_typo_line_height_unit":"","ocean_menu_typo_spacing":0,"ocean_menu_typo_spacing_tablet":0,"ocean_menu_typo_spacing_mobile":0,"ocean_menu_typo_spacing_unit":"","ocean_menu_link_color":"","ocean_menu_link_color_hover":"","ocean_menu_link_color_active":"","ocean_menu_link_background":"","ocean_menu_link_hover_background":"","ocean_menu_link_active_background":"","ocean_menu_social_links_bg":"","ocean_menu_social_hover_links_bg":"","ocean_menu_social_links_color":"","ocean_menu_social_hover_links_color":"","ocean_disable_title":"on","ocean_disable_heading":"default","ocean_post_title":"","ocean_post_subheading":"","ocean_post_title_style":"","ocean_post_title_background_color":"","ocean_post_title_background":0,"ocean_post_title_bg_image_position":"","ocean_post_title_bg_image_attachment":"","ocean_post_title_bg_image_repeat":"","ocean_post_title_bg_image_size":"","ocean_post_title_height":0,"ocean_post_title_bg_overlay":0.5,"ocean_post_title_bg_overlay_color":"","ocean_disable_breadcrumbs":"default","ocean_breadcrumbs_color":"","ocean_breadcrumbs_separator_color":"","ocean_breadcrumbs_links_color":"","ocean_breadcrumbs_links_hover_color":"","ocean_display_footer_widgets":"default","ocean_display_footer_bottom":"default","ocean_custom_footer_template":"","footnotes":""},"class_list":["post-433","page","type-page","status-publish","hentry","entry"],"_links":{"self":[{"href":"https:\/\/www.fcl-portastampi.it\/index.php\/wp-json\/wp\/v2\/pages\/433","targetHints":{"allow":["GET"]}}],"collection":[{"href":"https:\/\/www.fcl-portastampi.it\/index.php\/wp-json\/wp\/v2\/pages"}],"about":[{"href":"https:\/\/www.fcl-portastampi.it\/index.php\/wp-json\/wp\/v2\/types\/page"}],"author":[{"embeddable":true,"href":"https:\/\/www.fcl-portastampi.it\/index.php\/wp-json\/wp\/v2\/users\/1"}],"replies":[{"embeddable":true,"href":"https:\/\/www.fcl-portastampi.it\/index.php\/wp-json\/wp\/v2\/comments?post=433"}],"version-history":[{"count":4,"href":"https:\/\/www.fcl-portastampi.it\/index.php\/wp-json\/wp\/v2\/pages\/433\/revisions"}],"predecessor-version":[{"id":576,"href":"https:\/\/www.fcl-portastampi.it\/index.php\/wp-json\/wp\/v2\/pages\/433\/revisions\/576"}],"wp:attachment":[{"href":"https:\/\/www.fcl-portastampi.it\/index.php\/wp-json\/wp\/v2\/media?parent=433"}],"curies":[{"name":"wp","href":"https:\/\/api.w.org\/{rel}","templated":true}]}}