{"id":1059,"date":"2025-01-02T17:42:55","date_gmt":"2025-01-02T16:42:55","guid":{"rendered":"https:\/\/www.fcl-portastampi.it\/?page_id=1059"},"modified":"2025-01-02T17:49:04","modified_gmt":"2025-01-02T16:49:04","slug":"cookie-policy-de","status":"publish","type":"page","link":"https:\/\/www.fcl-portastampi.it\/index.php\/de\/cookie-policy-de\/","title":{"rendered":"Cookie Policy DE"},"content":{"rendered":"\t\t<div data-elementor-type=\"wp-page\" data-elementor-id=\"1059\" class=\"elementor elementor-1059\">\n\t\t\t\t<div class=\"elementor-element elementor-element-d945147 e-flex e-con-boxed e-con e-parent\" data-id=\"d945147\" data-element_type=\"container\">\n\t\t\t\t\t<div class=\"e-con-inner\">\n\t\t\t\t<div class=\"elementor-element elementor-element-becdd71 elementor-widget elementor-widget-heading\" data-id=\"becdd71\" data-element_type=\"widget\" data-widget_type=\"heading.default\">\n\t\t\t\t<div class=\"elementor-widget-container\">\n\t\t\t\t\t<h2 class=\"elementor-heading-title elementor-size-default\">Cookie-Richtlinie<\/h2>\t\t\t\t<\/div>\n\t\t\t\t<\/div>\n\t\t\t\t\t<\/div>\n\t\t\t\t<\/div>\n\t\t<div class=\"elementor-element elementor-element-6d5c8d6 e-flex e-con-boxed e-con e-parent\" data-id=\"6d5c8d6\" data-element_type=\"container\">\n\t\t\t\t\t<div class=\"e-con-inner\">\n\t\t\t\t<div class=\"elementor-element elementor-element-ce404e4 elementor-widget elementor-widget-text-editor\" data-id=\"ce404e4\" data-element_type=\"widget\" data-widget_type=\"text-editor.default\">\n\t\t\t\t<div class=\"elementor-widget-container\">\n\t\t\t\t\t\t\t\t\t<p>G\u00fcltigkeitsdatum: 02.01.2025<br \/>Zuletzt aktualisiert: 02.01.2025<\/p><h5>Was sind Cookies?<\/h5><div class=\"cookie-policy-p\"><p>Diese Cookie-Richtlinie erkl\u00e4rt, was Cookies sind und wie wir sie verwenden, welche Arten von Cookies wir verwenden, d. h. welche Informationen wir mithilfe von Cookies sammeln und wie diese Informationen verwendet werden und wie die Cookie-Einstellungen verwaltet werden.<\/p><p>Cookies sind kleine Textdateien, die zum Speichern kleiner Informationseinheiten verwendet werden. Sie werden auf Ihrem Ger\u00e4t gespeichert, wenn die Website in Ihren Browser geladen wird. Diese Cookies helfen uns dabei, die ordnungsgem\u00e4\u00dfe Funktion der Website zu gew\u00e4hrleisten, sie sicherer zu machen, ein besseres Benutzererlebnis zu bieten und zu verstehen, wie die Website funktioniert und zu analysieren, was funktioniert und wo sie verbessert werden muss.<\/p><\/div><h5>Wie verwenden wir Cookies?<\/h5><div class=\"cookie-policy-p\"><p>Wie die meisten Onlinedienste verwendet unsere Website Erstanbieter- und Drittanbieter-Cookies f\u00fcr verschiedene Zwecke. Erstanbieter-Cookies sind meist erforderlich, damit die Website richtig funktioniert, und sie erfassen keine personenbezogenen Daten von Ihnen.<\/p><p>Die auf unserer Website verwendeten Drittanbieter-Cookies dienen haupts\u00e4chlich dazu, die Leistung der Website zu verstehen, wie Sie mit unserer Website interagieren, unsere Dienste sicher zu halten, f\u00fcr Sie relevante Werbung bereitzustellen und Ihnen insgesamt eine bessere und verbesserte Benutzererfahrung zu bieten und Ihre zuk\u00fcnftigen Interaktionen mit unserer Website zu beschleunigen.<\/p><\/div><h5>Arten von Cookies, die wir verwenden<\/h5><div class=\"cky-audit-table-element\">\u00a0<\/div><h5 style=\"margin-bottom: 20px;\">Cookie-Einstellungen verwalten<\/h5><p><span style=\"color: #000000;\"><a class=\"cky-banner-element\" style=\"color: #000000;\">Cookie-Einstellungen<\/a><\/span><\/p><div><p>Sie k\u00f6nnen Ihre Cookie-Einstellungen jederzeit \u00e4ndern, indem Sie auf die obige Schaltfl\u00e4che klicken. Dadurch k\u00f6nnen Sie das Cookie-Einwilligungsbanner erneut aufrufen und Ihre Einstellungen \u00e4ndern oder Ihre Einwilligung sofort widerrufen.<\/p><p>Dar\u00fcber hinaus bieten verschiedene Browser unterschiedliche Methoden zum Blockieren und L\u00f6schen von Cookies, die von Websites verwendet werden. Sie k\u00f6nnen die Einstellungen Ihres Browsers \u00e4ndern, um die Cookies zu blockieren\/l\u00f6schen. Nachfolgend finden Sie die Links zu den Supportdokumenten zum Verwalten und L\u00f6schen von Cookies in den wichtigsten Webbrowsern.<\/p><p>Chrome: <span style=\"color: #000000;\"><a style=\"color: #000000;\" href=\"https:\/\/support.google.com\/accounts\/answer\/32050\" target=\"_blank\" rel=\"noopener\">https:\/\/support.google.com\/accounts\/answer\/32050<\/a><\/span><\/p><p>Safari: <span style=\"color: #000000;\"><a style=\"color: #000000;\" href=\"https:\/\/support.apple.com\/en-in\/guide\/safari\/sfri11471\/mac\" target=\"_blank\" rel=\"noopener\">https:\/\/support.apple.com\/en-in\/guide\/safari\/sfri11471\/mac<\/a><\/span><\/p><p>Firefox: <span style=\"color: #000000;\"><a style=\"color: #000000;\" href=\"https:\/\/support.mozilla.org\/en-US\/kb\/clear-cookies-and-site-data-firefox?redirectslug=delete-cookies-remove-info-websites-stored&amp;redirectlocale=en-US\" target=\"_blank\" rel=\"noopener\">https:\/\/support.mozilla.org\/en-US\/kb\/clear-cookies-and-site-data-firefox?redirectslug=delete-cookies-remove-info-websites-stored&amp;redirectlocale=en-US<\/a><\/span><\/p><p>Internet Explorer: <span style=\"color: #000000;\"><a style=\"color: #000000;\" href=\"https:\/\/support.microsoft.com\/en-us\/topic\/how-to-delete-cookie-files-in-internet-explorer-bca9446f-d873-78de-77ba-d42645fa52fc\" target=\"_blank\" rel=\"noopener\">https:\/\/support.microsoft.com\/en-us\/topic\/how-to-delete-cookie-files-in-internet-explorer-bca9446f-d873-78de-77ba-d42645fa52fc<\/a><\/span><\/p><p>Wenn Sie einen anderen Webbrowser verwenden, lesen Sie bitte die offiziellen Supportdokumente Ihres Browsers.<\/p><\/div><p class=\"cookie-policy-p\">Cookie-Richtlinie generiert von <span style=\"color: #000000;\"><a style=\"color: #000000;\" href=\"https:\/\/www.cookieyes.com\/?utm_source=CP&amp;utm_medium=footer&amp;utm_campaign=UW\" target=\"_blank\" rel=\"noopener\">CookieYes &#8211; Cookie Policy Generator<\/a>.<\/span><\/p>\t\t\t\t\t\t\t\t<\/div>\n\t\t\t\t<\/div>\n\t\t\t\t\t<\/div>\n\t\t\t\t<\/div>\n\t\t\t\t<\/div>\n\t\t","protected":false},"excerpt":{"rendered":"<p>Cookie-Richtlinie G\u00fcltigkeitsdatum: 02.01.2025Zuletzt aktualisiert: 02.01.2025 Was sind Cookies? Diese Cookie-Richtlinie erkl\u00e4rt, was Cookies sind und wie wir sie verwenden, welche Arten von Cookies wir verwenden, d. h. welche Informationen wir mithilfe von Cookies sammeln und wie diese Informationen verwendet werden und wie die Cookie-Einstellungen verwaltet werden. Cookies sind kleine Textdateien, die zum Speichern kleiner Informationseinheiten [&hellip;]<\/p>\n","protected":false},"author":1,"featured_media":0,"parent":0,"menu_order":0,"comment_status":"closed","ping_status":"closed","template":"","meta":{"ocean_post_layout":"full-screen","ocean_both_sidebars_style":"","ocean_both_sidebars_content_width":0,"ocean_both_sidebars_sidebars_width":0,"ocean_sidebar":"","ocean_second_sidebar":"","ocean_disable_margins":"enable","ocean_add_body_class":"","ocean_shortcode_before_top_bar":"","ocean_shortcode_after_top_bar":"","ocean_shortcode_before_header":"","ocean_shortcode_after_header":"","ocean_has_shortcode":"","ocean_shortcode_after_title":"","ocean_shortcode_before_footer_widgets":"","ocean_shortcode_after_footer_widgets":"","ocean_shortcode_before_footer_bottom":"","ocean_shortcode_after_footer_bottom":"","ocean_display_top_bar":"default","ocean_display_header":"default","ocean_header_style":"","ocean_center_header_left_menu":"","ocean_custom_header_template":"","ocean_custom_logo":0,"ocean_custom_retina_logo":0,"ocean_custom_logo_max_width":0,"ocean_custom_logo_tablet_max_width":0,"ocean_custom_logo_mobile_max_width":0,"ocean_custom_logo_max_height":0,"ocean_custom_logo_tablet_max_height":0,"ocean_custom_logo_mobile_max_height":0,"ocean_header_custom_menu":"","ocean_menu_typo_font_family":"","ocean_menu_typo_font_subset":"","ocean_menu_typo_font_size":0,"ocean_menu_typo_font_size_tablet":0,"ocean_menu_typo_font_size_mobile":0,"ocean_menu_typo_font_size_unit":"px","ocean_menu_typo_font_weight":"","ocean_menu_typo_font_weight_tablet":"","ocean_menu_typo_font_weight_mobile":"","ocean_menu_typo_transform":"","ocean_menu_typo_transform_tablet":"","ocean_menu_typo_transform_mobile":"","ocean_menu_typo_line_height":0,"ocean_menu_typo_line_height_tablet":0,"ocean_menu_typo_line_height_mobile":0,"ocean_menu_typo_line_height_unit":"","ocean_menu_typo_spacing":0,"ocean_menu_typo_spacing_tablet":0,"ocean_menu_typo_spacing_mobile":0,"ocean_menu_typo_spacing_unit":"","ocean_menu_link_color":"","ocean_menu_link_color_hover":"","ocean_menu_link_color_active":"","ocean_menu_link_background":"","ocean_menu_link_hover_background":"","ocean_menu_link_active_background":"","ocean_menu_social_links_bg":"","ocean_menu_social_hover_links_bg":"","ocean_menu_social_links_color":"","ocean_menu_social_hover_links_color":"","ocean_disable_title":"on","ocean_disable_heading":"default","ocean_post_title":"","ocean_post_subheading":"","ocean_post_title_style":"","ocean_post_title_background_color":"","ocean_post_title_background":0,"ocean_post_title_bg_image_position":"","ocean_post_title_bg_image_attachment":"","ocean_post_title_bg_image_repeat":"","ocean_post_title_bg_image_size":"","ocean_post_title_height":0,"ocean_post_title_bg_overlay":0.5,"ocean_post_title_bg_overlay_color":"","ocean_disable_breadcrumbs":"default","ocean_breadcrumbs_color":"","ocean_breadcrumbs_separator_color":"","ocean_breadcrumbs_links_color":"","ocean_breadcrumbs_links_hover_color":"","ocean_display_footer_widgets":"default","ocean_display_footer_bottom":"default","ocean_custom_footer_template":"","footnotes":""},"class_list":["post-1059","page","type-page","status-publish","hentry","entry"],"_links":{"self":[{"href":"https:\/\/www.fcl-portastampi.it\/index.php\/wp-json\/wp\/v2\/pages\/1059","targetHints":{"allow":["GET"]}}],"collection":[{"href":"https:\/\/www.fcl-portastampi.it\/index.php\/wp-json\/wp\/v2\/pages"}],"about":[{"href":"https:\/\/www.fcl-portastampi.it\/index.php\/wp-json\/wp\/v2\/types\/page"}],"author":[{"embeddable":true,"href":"https:\/\/www.fcl-portastampi.it\/index.php\/wp-json\/wp\/v2\/users\/1"}],"replies":[{"embeddable":true,"href":"https:\/\/www.fcl-portastampi.it\/index.php\/wp-json\/wp\/v2\/comments?post=1059"}],"version-history":[{"count":7,"href":"https:\/\/www.fcl-portastampi.it\/index.php\/wp-json\/wp\/v2\/pages\/1059\/revisions"}],"predecessor-version":[{"id":1066,"href":"https:\/\/www.fcl-portastampi.it\/index.php\/wp-json\/wp\/v2\/pages\/1059\/revisions\/1066"}],"wp:attachment":[{"href":"https:\/\/www.fcl-portastampi.it\/index.php\/wp-json\/wp\/v2\/media?parent=1059"}],"curies":[{"name":"wp","href":"https:\/\/api.w.org\/{rel}","templated":true}]}}